{"id":329,"date":"2025-02-16T15:32:47","date_gmt":"2025-02-16T14:32:47","guid":{"rendered":"https:\/\/www.vareseretrocomputing.it\/?page_id=329"},"modified":"2025-02-16T15:43:32","modified_gmt":"2025-02-16T14:43:32","slug":"comunicato-stampa-nuova-sede","status":"publish","type":"page","link":"https:\/\/www.vareseretrocomputing.it\/?page_id=329","title":{"rendered":"Comunicato Stampa  &#8211; Nuova sede"},"content":{"rendered":"\n<p class=\"wp-block-paragraph\"><strong>L&#8217;Associazione Varese Retrocomputing trova casa a Comerio!<\/strong><\/p>\n\n\n\n<p class=\"wp-block-paragraph\"><strong>Comerio, 14 febbraio 2025<\/strong> \u2013 L&#8217;Associazione Varese Retrocomputing \u00e8 lieta di annunciare di aver aperto una nuova sede operativa all&#8217;interno del complesso ex Whirlpool EMEA di Comerio (VA), in corso di riqualificazione con il progetto Opera Village. Questo importante traguardo \u00e8 stato raggiunto grazie alla collaborazione con Fondazione Sacconaghi Borghi e Invenire OdV.<\/p>\n\n\n\n<p class=\"wp-block-paragraph\">La nuova sede permetter\u00e0 a Varese Retrocomputing di espandere le proprie attivit\u00e0 e di offrire un punto di riferimento fisico per tutti gli appassionati di retrocomputing e tecnologia vintage. L&#8217;associazione, fondata con l&#8217;obiettivo di preservare e promuovere la storia dell&#8217;informatica, organizza eventi, mostre e laboratori per condividere la passione per i computer e i dispositivi elettronici del passato.<\/p>\n\n\n\n<p class=\"wp-block-paragraph\">&#8220;Questo \u00e8 un momento storico per la nostra associazione,&#8221; afferma Bruno Grampa, presidente di Varese Retrocomputing. &#8220;La nuova sede ci permetter\u00e0 di crescere e di offrire ancora pi\u00f9 opportunit\u00e0 ai nostri membri e alla comunit\u00e0. Siamo profondamente grati alla Fondazione Sacconaghi Borghi e ad Associazione Invenire OdV per il loro supporto e la loro fiducia nel nostro progetto. Saremo lieti di collaborare anche con il Comune di Comerio nelle future iniziative che verranno realizzate&#8221;.<\/p>\n\n\n\n<p class=\"wp-block-paragraph\">Il complesso ex Whirlpool EMEA di Comerio, ora acquisito dalla Fondazione Sacconaghi Borghi, rappresenta un luogo ideale per ospitare le attivit\u00e0 di Varese Retrocomputing. La Fondazione ha messo a disposizione gli spazi necessari per permettere all&#8217;associazione di continuare a crescere e a diffondere la cultura del retrocomputing.<\/p>\n\n\n\n<p class=\"wp-block-paragraph\">\u201cL\u2019accordo con Varese Retrocomputing \u00e8 l\u2019ultimo tassello che va a completare l\u2019area socio culturale di Opera Village insieme a biblioteca, musei, Grotta Remeron e al Bistrot; la rigenerazione urbana dell\u2019area non pu\u00f2 partire che dalla rigenerazione sociale\u201d dichiarano Fabio Tedeschi e Mauro Gamberoni, rappresentanti di Fondazione Sacconaghi Borghi e Invenire OdV, \u201cOra contiamo di chiudere gli accordi per l\u2019area della formazione, con Asilo e scuola professionale, e di potenziare l\u2019aspetto della cultura del territorio, con un incubatore dedicato al mondo delle imprese\u201d.<\/p>\n\n\n\n<p class=\"wp-block-paragraph\">L\u2019Hub di Opera Village sar\u00e0 il cuore dell\u2019area, con centro eventi, sale meeting e spazi per la socialit\u00e0 che<br>permetteranno l\u2019insediamo della nuova RSA in un luogo aperto ad ogni stagione della vita, vissuto da tutta la comunit\u00e0.<\/p>\n\n\n\n<p class=\"wp-block-paragraph\">Per restare informati sulle attivit\u00e0 di Opera Village si pu\u00f2 visitare il sito di Invenire OdV all&#8217;indirizzo<br>https:\/\/www.operavillage.it .<\/p>\n\n\n\n<p class=\"wp-block-paragraph\"><\/p>\n","protected":false},"excerpt":{"rendered":"<p>L&#8217;Associazione Varese Retrocomputing trova casa a Comerio! Comerio, 14 febbraio 2025 \u2013 L&#8217;Associazione Varese Retrocomputing \u00e8 lieta di annunciare di aver aperto una nuova sede<\/p>\n","protected":false},"author":17,"featured_media":0,"parent":0,"menu_order":0,"comment_status":"closed","ping_status":"closed","template":"","meta":{"_crdt_document":"","_monsterinsights_skip_tracking":false,"_monsterinsights_sitenote_active":false,"_monsterinsights_sitenote_note":"","_monsterinsights_sitenote_category":0,"ngg_post_thumbnail":0,"footnotes":""},"class_list":["post-329","page","type-page","status-publish","hentry"],"yoast_head":"<!-- This site is optimized with the Yoast SEO plugin v27.6 - https:\/\/yoast.com\/product\/yoast-seo-wordpress\/ -->\n<title>Comunicato Stampa - Nuova sede - Associazione Varese Retrocomputing<\/title>\n<meta name=\"robots\" content=\"index, follow, max-snippet:-1, max-image-preview:large, max-video-preview:-1\" \/>\n<link rel=\"canonical\" href=\"https:\/\/www.vareseretrocomputing.it\/?page_id=329\" \/>\n<meta property=\"og:locale\" content=\"it_IT\" \/>\n<meta property=\"og:type\" content=\"article\" \/>\n<meta property=\"og:title\" content=\"Comunicato Stampa - Nuova sede - Associazione Varese Retrocomputing\" \/>\n<meta property=\"og:description\" content=\"L&#8217;Associazione Varese Retrocomputing trova casa a Comerio! Comerio, 14 febbraio 2025 \u2013 L&#8217;Associazione Varese Retrocomputing \u00e8 lieta di annunciare di aver aperto una nuova sede\" \/>\n<meta property=\"og:url\" content=\"https:\/\/www.vareseretrocomputing.it\/?page_id=329\" \/>\n<meta property=\"og:site_name\" content=\"Associazione Varese Retrocomputing\" \/>\n<meta property=\"article:modified_time\" content=\"2025-02-16T14:43:32+00:00\" \/>\n<meta name=\"twitter:card\" content=\"summary_large_image\" \/>\n<meta name=\"twitter:label1\" content=\"Tempo di lettura stimato\" \/>\n\t<meta name=\"twitter:data1\" content=\"2 minuti\" \/>\n<script type=\"application\/ld+json\" class=\"yoast-schema-graph\">{\"@context\":\"https:\\\/\\\/schema.org\",\"@graph\":[{\"@type\":\"WebPage\",\"@id\":\"https:\\\/\\\/www.vareseretrocomputing.it\\\/?page_id=329\",\"url\":\"https:\\\/\\\/www.vareseretrocomputing.it\\\/?page_id=329\",\"name\":\"Comunicato Stampa - Nuova sede - Associazione Varese Retrocomputing\",\"isPartOf\":{\"@id\":\"https:\\\/\\\/www.vareseretrocomputing.it\\\/#website\"},\"datePublished\":\"2025-02-16T14:32:47+00:00\",\"dateModified\":\"2025-02-16T14:43:32+00:00\",\"breadcrumb\":{\"@id\":\"https:\\\/\\\/www.vareseretrocomputing.it\\\/?page_id=329#breadcrumb\"},\"inLanguage\":\"it-IT\",\"potentialAction\":[{\"@type\":\"ReadAction\",\"target\":[\"https:\\\/\\\/www.vareseretrocomputing.it\\\/?page_id=329\"]}]},{\"@type\":\"BreadcrumbList\",\"@id\":\"https:\\\/\\\/www.vareseretrocomputing.it\\\/?page_id=329#breadcrumb\",\"itemListElement\":[{\"@type\":\"ListItem\",\"position\":1,\"name\":\"Home\",\"item\":\"https:\\\/\\\/www.vareseretrocomputing.it\\\/\"},{\"@type\":\"ListItem\",\"position\":2,\"name\":\"Comunicato Stampa &#8211; Nuova sede\"}]},{\"@type\":\"WebSite\",\"@id\":\"https:\\\/\\\/www.vareseretrocomputing.it\\\/#website\",\"url\":\"https:\\\/\\\/www.vareseretrocomputing.it\\\/\",\"name\":\"Associazione Varese Retrocomputing\",\"description\":\"\",\"publisher\":{\"@id\":\"https:\\\/\\\/www.vareseretrocomputing.it\\\/#organization\"},\"potentialAction\":[{\"@type\":\"SearchAction\",\"target\":{\"@type\":\"EntryPoint\",\"urlTemplate\":\"https:\\\/\\\/www.vareseretrocomputing.it\\\/?s={search_term_string}\"},\"query-input\":{\"@type\":\"PropertyValueSpecification\",\"valueRequired\":true,\"valueName\":\"search_term_string\"}}],\"inLanguage\":\"it-IT\"},{\"@type\":\"Organization\",\"@id\":\"https:\\\/\\\/www.vareseretrocomputing.it\\\/#organization\",\"name\":\"Associazione Varese Retrocomputing\",\"url\":\"https:\\\/\\\/www.vareseretrocomputing.it\\\/\",\"logo\":{\"@type\":\"ImageObject\",\"inLanguage\":\"it-IT\",\"@id\":\"https:\\\/\\\/www.vareseretrocomputing.it\\\/#\\\/schema\\\/logo\\\/image\\\/\",\"url\":\"https:\\\/\\\/www.vareseretrocomputing.it\\\/wp-content\\\/uploads\\\/sites\\\/13\\\/2023\\\/07\\\/logo.png\",\"contentUrl\":\"https:\\\/\\\/www.vareseretrocomputing.it\\\/wp-content\\\/uploads\\\/sites\\\/13\\\/2023\\\/07\\\/logo.png\",\"width\":2574,\"height\":278,\"caption\":\"Associazione Varese Retrocomputing\"},\"image\":{\"@id\":\"https:\\\/\\\/www.vareseretrocomputing.it\\\/#\\\/schema\\\/logo\\\/image\\\/\"}}]}<\/script>\n<!-- \/ Yoast SEO plugin. -->","yoast_head_json":{"title":"Comunicato Stampa - Nuova sede - Associazione Varese Retrocomputing","robots":{"index":"index","follow":"follow","max-snippet":"max-snippet:-1","max-image-preview":"max-image-preview:large","max-video-preview":"max-video-preview:-1"},"canonical":"https:\/\/www.vareseretrocomputing.it\/?page_id=329","og_locale":"it_IT","og_type":"article","og_title":"Comunicato Stampa - Nuova sede - Associazione Varese Retrocomputing","og_description":"L&#8217;Associazione Varese Retrocomputing trova casa a Comerio! Comerio, 14 febbraio 2025 \u2013 L&#8217;Associazione Varese Retrocomputing \u00e8 lieta di annunciare di aver aperto una nuova sede","og_url":"https:\/\/www.vareseretrocomputing.it\/?page_id=329","og_site_name":"Associazione Varese Retrocomputing","article_modified_time":"2025-02-16T14:43:32+00:00","twitter_card":"summary_large_image","twitter_misc":{"Tempo di lettura stimato":"2 minuti"},"schema":{"@context":"https:\/\/schema.org","@graph":[{"@type":"WebPage","@id":"https:\/\/www.vareseretrocomputing.it\/?page_id=329","url":"https:\/\/www.vareseretrocomputing.it\/?page_id=329","name":"Comunicato Stampa - Nuova sede - Associazione Varese Retrocomputing","isPartOf":{"@id":"https:\/\/www.vareseretrocomputing.it\/#website"},"datePublished":"2025-02-16T14:32:47+00:00","dateModified":"2025-02-16T14:43:32+00:00","breadcrumb":{"@id":"https:\/\/www.vareseretrocomputing.it\/?page_id=329#breadcrumb"},"inLanguage":"it-IT","potentialAction":[{"@type":"ReadAction","target":["https:\/\/www.vareseretrocomputing.it\/?page_id=329"]}]},{"@type":"BreadcrumbList","@id":"https:\/\/www.vareseretrocomputing.it\/?page_id=329#breadcrumb","itemListElement":[{"@type":"ListItem","position":1,"name":"Home","item":"https:\/\/www.vareseretrocomputing.it\/"},{"@type":"ListItem","position":2,"name":"Comunicato Stampa &#8211; Nuova sede"}]},{"@type":"WebSite","@id":"https:\/\/www.vareseretrocomputing.it\/#website","url":"https:\/\/www.vareseretrocomputing.it\/","name":"Associazione Varese Retrocomputing","description":"","publisher":{"@id":"https:\/\/www.vareseretrocomputing.it\/#organization"},"potentialAction":[{"@type":"SearchAction","target":{"@type":"EntryPoint","urlTemplate":"https:\/\/www.vareseretrocomputing.it\/?s={search_term_string}"},"query-input":{"@type":"PropertyValueSpecification","valueRequired":true,"valueName":"search_term_string"}}],"inLanguage":"it-IT"},{"@type":"Organization","@id":"https:\/\/www.vareseretrocomputing.it\/#organization","name":"Associazione Varese Retrocomputing","url":"https:\/\/www.vareseretrocomputing.it\/","logo":{"@type":"ImageObject","inLanguage":"it-IT","@id":"https:\/\/www.vareseretrocomputing.it\/#\/schema\/logo\/image\/","url":"https:\/\/www.vareseretrocomputing.it\/wp-content\/uploads\/sites\/13\/2023\/07\/logo.png","contentUrl":"https:\/\/www.vareseretrocomputing.it\/wp-content\/uploads\/sites\/13\/2023\/07\/logo.png","width":2574,"height":278,"caption":"Associazione Varese Retrocomputing"},"image":{"@id":"https:\/\/www.vareseretrocomputing.it\/#\/schema\/logo\/image\/"}}]}},"_links":{"self":[{"href":"https:\/\/www.vareseretrocomputing.it\/index.php?rest_route=\/wp\/v2\/pages\/329","targetHints":{"allow":["GET"]}}],"collection":[{"href":"https:\/\/www.vareseretrocomputing.it\/index.php?rest_route=\/wp\/v2\/pages"}],"about":[{"href":"https:\/\/www.vareseretrocomputing.it\/index.php?rest_route=\/wp\/v2\/types\/page"}],"author":[{"embeddable":true,"href":"https:\/\/www.vareseretrocomputing.it\/index.php?rest_route=\/wp\/v2\/users\/17"}],"replies":[{"embeddable":true,"href":"https:\/\/www.vareseretrocomputing.it\/index.php?rest_route=%2Fwp%2Fv2%2Fcomments&post=329"}],"version-history":[{"count":3,"href":"https:\/\/www.vareseretrocomputing.it\/index.php?rest_route=\/wp\/v2\/pages\/329\/revisions"}],"predecessor-version":[{"id":339,"href":"https:\/\/www.vareseretrocomputing.it\/index.php?rest_route=\/wp\/v2\/pages\/329\/revisions\/339"}],"wp:attachment":[{"href":"https:\/\/www.vareseretrocomputing.it\/index.php?rest_route=%2Fwp%2Fv2%2Fmedia&parent=329"}],"curies":[{"name":"wp","href":"https:\/\/api.w.org\/{rel}","templated":true}]}}